{"id":6160,"date":"2023-06-03T07:04:34","date_gmt":"2023-06-03T07:04:34","guid":{"rendered":"https:\/\/newdeco.es\/sales-de-bany\/"},"modified":"2024-12-09T16:32:40","modified_gmt":"2024-12-09T16:32:40","slug":"banys","status":"publish","type":"page","link":"https:\/\/newdeco.es\/ca\/banys\/","title":{"rendered":"Banys"},"content":{"rendered":"\t\t<div data-elementor-type=\"wp-page\" data-elementor-id=\"6160\" class=\"elementor elementor-6160 elementor-194\" data-elementor-post-type=\"page\">\n\t\t\t\t<div class=\"elementor-element elementor-element-207943c e-con-full e-flex e-con e-parent\" data-id=\"207943c\" data-element_type=\"container\" data-e-type=\"container\" data-settings=\"{&quot;background_background&quot;:&quot;slideshow&quot;,&quot;background_slideshow_gallery&quot;:[{&quot;id&quot;:1678,&quot;url&quot;:&quot;https:\\\/\\\/newdeco.es\\\/wp-content\\\/uploads\\\/2024\\\/05\\\/ee-banys-slide.webp&quot;},{&quot;id&quot;:1688,&quot;url&quot;:&quot;https:\\\/\\\/newdeco.es\\\/wp-content\\\/uploads\\\/2024\\\/05\\\/ee-noia-bany.webp&quot;}],&quot;background_slideshow_transition_duration&quot;:1000,&quot;background_slideshow_loop&quot;:&quot;yes&quot;,&quot;background_slideshow_slide_duration&quot;:5000,&quot;background_slideshow_slide_transition&quot;:&quot;fade&quot;}\">\n\t\t<div class=\"elementor-element elementor-element-76ff291 e-con-full e-flex e-con e-child\" data-id=\"76ff291\" data-element_type=\"container\" data-e-type=\"container\">\n\t\t\t\t<div class=\"elementor-element elementor-element-b917dfd elementor-invisible elementor-widget elementor-widget-heading\" data-id=\"b917dfd\" data-element_type=\"widget\" data-e-type=\"widget\" data-settings=\"{&quot;_animation&quot;:&quot;fadeIn&quot;}\" data-widget_type=\"heading.default\">\n\t\t\t\t<div class=\"elementor-widget-container\">\n\t\t\t\t\t<h5 class=\"elementor-heading-title elementor-size-medium\">Interiors de gran impacte<\/h5>\t\t\t\t<\/div>\n\t\t\t\t<\/div>\n\t\t\t\t<div class=\"elementor-element elementor-element-64d97d5 elementor-invisible elementor-widget elementor-widget-heading\" data-id=\"64d97d5\" data-element_type=\"widget\" data-e-type=\"widget\" data-settings=\"{&quot;_animation&quot;:&quot;fadeIn&quot;}\" data-widget_type=\"heading.default\">\n\t\t\t\t<div class=\"elementor-widget-container\">\n\t\t\t\t\t<h1 class=\"elementor-heading-title elementor-size-xxl\">moments de<br> relaxaci\u00f3<\/h1>\t\t\t\t<\/div>\n\t\t\t\t<\/div>\n\t\t\t\t<div class=\"elementor-element elementor-element-957d8a5 elementor-widget elementor-widget-spacer\" data-id=\"957d8a5\" data-element_type=\"widget\" data-e-type=\"widget\" data-widget_type=\"spacer.default\">\n\t\t\t\t<div class=\"elementor-widget-container\">\n\t\t\t\t\t\t\t<div class=\"elementor-spacer\">\n\t\t\t<div class=\"elementor-spacer-inner\"><\/div>\n\t\t<\/div>\n\t\t\t\t\t\t<\/div>\n\t\t\t\t<\/div>\n\t\t\t\t<\/div>\n\t\t\t\t<\/div>\n\t\t\t\t<section class=\"elementor-section elementor-top-section elementor-element elementor-element-74507423 elementor-section-full_width elementor-section-height-default elementor-section-height-default\" data-id=\"74507423\" data-element_type=\"section\" data-e-type=\"section\">\n\t\t\t\t\t\t<div class=\"elementor-container elementor-column-gap-default\">\n\t\t\t\t\t<div class=\"elementor-column elementor-col-50 elementor-top-column elementor-element elementor-element-6465b261\" data-id=\"6465b261\" data-element_type=\"column\" data-e-type=\"column\">\n\t\t\t<div class=\"elementor-widget-wrap elementor-element-populated\">\n\t\t\t\t\t\t<div class=\"elementor-element elementor-element-22309a4 elementor-widget__width-auto elementor-widget-mobile__width-auto elementor-invisible elementor-widget elementor-widget-heading\" data-id=\"22309a4\" data-element_type=\"widget\" data-e-type=\"widget\" data-settings=\"{&quot;_animation&quot;:&quot;fadeIn&quot;}\" data-widget_type=\"heading.default\">\n\t\t\t\t<div class=\"elementor-widget-container\">\n\t\t\t\t\t<h1 class=\"elementor-heading-title elementor-size-default\"><b>Sales de bany<\/b><\/h1>\t\t\t\t<\/div>\n\t\t\t\t<\/div>\n\t\t\t\t\t<\/div>\n\t\t<\/div>\n\t\t\t\t<div class=\"elementor-column elementor-col-50 elementor-top-column elementor-element elementor-element-1e20ae4\" data-id=\"1e20ae4\" data-element_type=\"column\" data-e-type=\"column\">\n\t\t\t<div class=\"elementor-widget-wrap elementor-element-populated\">\n\t\t\t\t\t\t<div class=\"elementor-element elementor-element-4e1a222 elementor-widget elementor-widget-heading\" data-id=\"4e1a222\" data-element_type=\"widget\" data-e-type=\"widget\" data-widget_type=\"heading.default\">\n\t\t\t\t<div class=\"elementor-widget-container\">\n\t\t\t\t\t<h1 class=\"elementor-heading-title elementor-size-default\">\u00cdNTIMES, C\u00c0LIDES I ACOLLIDORES<\/h1>\t\t\t\t<\/div>\n\t\t\t\t<\/div>\n\t\t\t\t<div class=\"elementor-element elementor-element-30983473 elementor-widget elementor-widget-text-editor\" data-id=\"30983473\" data-element_type=\"widget\" data-e-type=\"widget\" data-widget_type=\"text-editor.default\">\n\t\t\t\t<div class=\"elementor-widget-container\">\n\t\t\t\t\t\t\t\t\t<p>Aix\u00ed \u00e9s com ens agraden els banys a <strong>NEWDECO<\/strong> . I a tu? Tingues el que tinguis al cap, que t&#8217;ajudarem a donar-li vida. Per fer-te una idea, mireu alguns dels nostres projectes. Obre la teva ment a la imaginaci\u00f3.    <\/p>\n\t\t\t\t\t\t\t\t<\/div>\n\t\t\t\t<\/div>\n\t\t\t\t\t<\/div>\n\t\t<\/div>\n\t\t\t\t\t<\/div>\n\t\t<\/section>\n\t\t\t\t<section class=\"elementor-section elementor-top-section elementor-element elementor-element-8f52641 elementor-section-full_width elementor-section-height-default elementor-section-height-default\" data-id=\"8f52641\" data-element_type=\"section\" data-e-type=\"section\">\n\t\t\t\t\t\t<div class=\"elementor-container elementor-column-gap-default\">\n\t\t\t\t\t<div class=\"elementor-column elementor-col-100 elementor-top-column elementor-element elementor-element-1e26c29e\" data-id=\"1e26c29e\" data-element_type=\"column\" data-e-type=\"column\">\n\t\t\t<div class=\"elementor-widget-wrap elementor-element-populated\">\n\t\t\t\t\t\t<div class=\"elementor-element elementor-element-edf2f38 elementor-widget elementor-widget-gallery\" data-id=\"edf2f38\" data-element_type=\"widget\" data-e-type=\"widget\" data-settings=\"{&quot;gallery_layout&quot;:&quot;masonry&quot;,&quot;lazyload&quot;:&quot;yes&quot;,&quot;columns&quot;:4,&quot;columns_tablet&quot;:2,&quot;columns_mobile&quot;:1,&quot;gap&quot;:{&quot;unit&quot;:&quot;px&quot;,&quot;size&quot;:10,&quot;sizes&quot;:[]},&quot;gap_tablet&quot;:{&quot;unit&quot;:&quot;px&quot;,&quot;size&quot;:10,&quot;sizes&quot;:[]},&quot;gap_mobile&quot;:{&quot;unit&quot;:&quot;px&quot;,&quot;size&quot;:10,&quot;sizes&quot;:[]},&quot;link_to&quot;:&quot;file&quot;,&quot;overlay_background&quot;:&quot;yes&quot;,&quot;content_hover_animation&quot;:&quot;fade-in&quot;}\" data-widget_type=\"gallery.default\">\n\t\t\t\t<div class=\"elementor-widget-container\">\n\t\t\t\t\t\t\t<div class=\"elementor-gallery__container\">\n\t\t\t\t\t\t\t<a class=\"e-gallery-item elementor-gallery-item elementor-animated-content\" href=\"https:\/\/newdeco.es\/wp-content\/uploads\/2024\/03\/poblenou-7445.webp\" data-elementor-open-lightbox=\"yes\" data-elementor-lightbox-slideshow=\"edf2f38\" data-elementor-lightbox-title=\"poblenou-7445\" data-e-action-hash=\"#elementor-action%3Aaction%3Dlightbox%26settings%3DeyJpZCI6NjY1LCJ1cmwiOiJodHRwczpcL1wvbmV3ZGVjby5lc1wvd3AtY29udGVudFwvdXBsb2Fkc1wvMjAyNFwvMDNcL3BvYmxlbm91LTc0NDUud2VicCIsInNsaWRlc2hvdyI6ImVkZjJmMzgifQ%3D%3D\">\n\t\t\t\t\t<div class=\"e-gallery-image elementor-gallery-item__image\" data-thumbnail=\"https:\/\/newdeco.es\/wp-content\/uploads\/2024\/03\/poblenou-7445-768x1024.webp\" data-width=\"768\" data-height=\"1024\" aria-label=\"\" role=\"img\" ><\/div>\n\t\t\t\t\t\t\t\t\t\t\t<div class=\"elementor-gallery-item__overlay\"><\/div>\n\t\t\t\t\t\t\t\t\t\t\t\t\t\t<\/a>\n\t\t\t\t\t\t\t<a class=\"e-gallery-item elementor-gallery-item elementor-animated-content\" href=\"https:\/\/newdeco.es\/wp-content\/uploads\/2024\/03\/poblenou-7444.webp\" data-elementor-open-lightbox=\"yes\" data-elementor-lightbox-slideshow=\"edf2f38\" data-elementor-lightbox-title=\"poblenou-7444\" data-e-action-hash=\"#elementor-action%3Aaction%3Dlightbox%26settings%3DeyJpZCI6NjY0LCJ1cmwiOiJodHRwczpcL1wvbmV3ZGVjby5lc1wvd3AtY29udGVudFwvdXBsb2Fkc1wvMjAyNFwvMDNcL3BvYmxlbm91LTc0NDQud2VicCIsInNsaWRlc2hvdyI6ImVkZjJmMzgifQ%3D%3D\">\n\t\t\t\t\t<div class=\"e-gallery-image elementor-gallery-item__image\" data-thumbnail=\"https:\/\/newdeco.es\/wp-content\/uploads\/2024\/03\/poblenou-7444-768x1024.webp\" data-width=\"768\" data-height=\"1024\" aria-label=\"\" role=\"img\" ><\/div>\n\t\t\t\t\t\t\t\t\t\t\t<div class=\"elementor-gallery-item__overlay\"><\/div>\n\t\t\t\t\t\t\t\t\t\t\t\t\t\t<\/a>\n\t\t\t\t\t\t\t<a class=\"e-gallery-item elementor-gallery-item elementor-animated-content\" href=\"https:\/\/newdeco.es\/wp-content\/uploads\/2024\/03\/poblenou-7443.webp\" data-elementor-open-lightbox=\"yes\" data-elementor-lightbox-slideshow=\"edf2f38\" data-elementor-lightbox-title=\"poblenou-7443\" data-e-action-hash=\"#elementor-action%3Aaction%3Dlightbox%26settings%3DeyJpZCI6NjYzLCJ1cmwiOiJodHRwczpcL1wvbmV3ZGVjby5lc1wvd3AtY29udGVudFwvdXBsb2Fkc1wvMjAyNFwvMDNcL3BvYmxlbm91LTc0NDMud2VicCIsInNsaWRlc2hvdyI6ImVkZjJmMzgifQ%3D%3D\">\n\t\t\t\t\t<div class=\"e-gallery-image elementor-gallery-item__image\" data-thumbnail=\"https:\/\/newdeco.es\/wp-content\/uploads\/2024\/03\/poblenou-7443-768x1024.webp\" data-width=\"768\" data-height=\"1024\" aria-label=\"\" role=\"img\" ><\/div>\n\t\t\t\t\t\t\t\t\t\t\t<div class=\"elementor-gallery-item__overlay\"><\/div>\n\t\t\t\t\t\t\t\t\t\t\t\t\t\t<\/a>\n\t\t\t\t\t\t\t<a class=\"e-gallery-item elementor-gallery-item elementor-animated-content\" href=\"https:\/\/newdeco.es\/wp-content\/uploads\/2024\/03\/poblenou-7442.webp\" data-elementor-open-lightbox=\"yes\" data-elementor-lightbox-slideshow=\"edf2f38\" data-elementor-lightbox-title=\"poblenou-7442\" data-e-action-hash=\"#elementor-action%3Aaction%3Dlightbox%26settings%3DeyJpZCI6NjYyLCJ1cmwiOiJodHRwczpcL1wvbmV3ZGVjby5lc1wvd3AtY29udGVudFwvdXBsb2Fkc1wvMjAyNFwvMDNcL3BvYmxlbm91LTc0NDIud2VicCIsInNsaWRlc2hvdyI6ImVkZjJmMzgifQ%3D%3D\">\n\t\t\t\t\t<div class=\"e-gallery-image elementor-gallery-item__image\" data-thumbnail=\"https:\/\/newdeco.es\/wp-content\/uploads\/2024\/03\/poblenou-7442-768x1024.webp\" data-width=\"768\" data-height=\"1024\" aria-label=\"\" role=\"img\" ><\/div>\n\t\t\t\t\t\t\t\t\t\t\t<div class=\"elementor-gallery-item__overlay\"><\/div>\n\t\t\t\t\t\t\t\t\t\t\t\t\t\t<\/a>\n\t\t\t\t\t\t\t<a class=\"e-gallery-item elementor-gallery-item elementor-animated-content\" href=\"https:\/\/newdeco.es\/wp-content\/uploads\/2024\/03\/poblenou-7441.webp\" data-elementor-open-lightbox=\"yes\" data-elementor-lightbox-slideshow=\"edf2f38\" data-elementor-lightbox-title=\"poblenou-7441\" data-e-action-hash=\"#elementor-action%3Aaction%3Dlightbox%26settings%3DeyJpZCI6NjYxLCJ1cmwiOiJodHRwczpcL1wvbmV3ZGVjby5lc1wvd3AtY29udGVudFwvdXBsb2Fkc1wvMjAyNFwvMDNcL3BvYmxlbm91LTc0NDEud2VicCIsInNsaWRlc2hvdyI6ImVkZjJmMzgifQ%3D%3D\">\n\t\t\t\t\t<div class=\"e-gallery-image elementor-gallery-item__image\" data-thumbnail=\"https:\/\/newdeco.es\/wp-content\/uploads\/2024\/03\/poblenou-7441-768x1024.webp\" data-width=\"768\" data-height=\"1024\" aria-label=\"\" role=\"img\" ><\/div>\n\t\t\t\t\t\t\t\t\t\t\t<div class=\"elementor-gallery-item__overlay\"><\/div>\n\t\t\t\t\t\t\t\t\t\t\t\t\t\t<\/a>\n\t\t\t\t\t\t\t<a class=\"e-gallery-item elementor-gallery-item elementor-animated-content\" href=\"https:\/\/newdeco.es\/wp-content\/uploads\/2024\/03\/poblenou-3277.webp\" data-elementor-open-lightbox=\"yes\" data-elementor-lightbox-slideshow=\"edf2f38\" data-elementor-lightbox-title=\"poblenou-3277\" data-e-action-hash=\"#elementor-action%3Aaction%3Dlightbox%26settings%3DeyJpZCI6NjQ1LCJ1cmwiOiJodHRwczpcL1wvbmV3ZGVjby5lc1wvd3AtY29udGVudFwvdXBsb2Fkc1wvMjAyNFwvMDNcL3BvYmxlbm91LTMyNzcud2VicCIsInNsaWRlc2hvdyI6ImVkZjJmMzgifQ%3D%3D\">\n\t\t\t\t\t<div class=\"e-gallery-image elementor-gallery-item__image\" data-thumbnail=\"https:\/\/newdeco.es\/wp-content\/uploads\/2024\/03\/poblenou-3277-768x1024.webp\" data-width=\"768\" data-height=\"1024\" aria-label=\"\" role=\"img\" ><\/div>\n\t\t\t\t\t\t\t\t\t\t\t<div class=\"elementor-gallery-item__overlay\"><\/div>\n\t\t\t\t\t\t\t\t\t\t\t\t\t\t<\/a>\n\t\t\t\t\t\t\t<a class=\"e-gallery-item elementor-gallery-item elementor-animated-content\" href=\"https:\/\/newdeco.es\/wp-content\/uploads\/2024\/03\/poblenou-3278.webp\" data-elementor-open-lightbox=\"yes\" data-elementor-lightbox-slideshow=\"edf2f38\" data-elementor-lightbox-title=\"poblenou-3278\" data-e-action-hash=\"#elementor-action%3Aaction%3Dlightbox%26settings%3DeyJpZCI6NjQ2LCJ1cmwiOiJodHRwczpcL1wvbmV3ZGVjby5lc1wvd3AtY29udGVudFwvdXBsb2Fkc1wvMjAyNFwvMDNcL3BvYmxlbm91LTMyNzgud2VicCIsInNsaWRlc2hvdyI6ImVkZjJmMzgifQ%3D%3D\">\n\t\t\t\t\t<div class=\"e-gallery-image elementor-gallery-item__image\" data-thumbnail=\"https:\/\/newdeco.es\/wp-content\/uploads\/2024\/03\/poblenou-3278-768x1024.webp\" data-width=\"768\" data-height=\"1024\" aria-label=\"\" role=\"img\" ><\/div>\n\t\t\t\t\t\t\t\t\t\t\t<div class=\"elementor-gallery-item__overlay\"><\/div>\n\t\t\t\t\t\t\t\t\t\t\t\t\t\t<\/a>\n\t\t\t\t\t\t\t<a class=\"e-gallery-item elementor-gallery-item elementor-animated-content\" href=\"https:\/\/newdeco.es\/wp-content\/uploads\/2024\/03\/poblenou-3279.webp\" data-elementor-open-lightbox=\"yes\" data-elementor-lightbox-slideshow=\"edf2f38\" data-elementor-lightbox-title=\"poblenou-3279\" data-e-action-hash=\"#elementor-action%3Aaction%3Dlightbox%26settings%3DeyJpZCI6NjQ3LCJ1cmwiOiJodHRwczpcL1wvbmV3ZGVjby5lc1wvd3AtY29udGVudFwvdXBsb2Fkc1wvMjAyNFwvMDNcL3BvYmxlbm91LTMyNzkud2VicCIsInNsaWRlc2hvdyI6ImVkZjJmMzgifQ%3D%3D\">\n\t\t\t\t\t<div class=\"e-gallery-image elementor-gallery-item__image\" data-thumbnail=\"https:\/\/newdeco.es\/wp-content\/uploads\/2024\/03\/poblenou-3279-768x1024.webp\" data-width=\"768\" data-height=\"1024\" aria-label=\"\" role=\"img\" ><\/div>\n\t\t\t\t\t\t\t\t\t\t\t<div class=\"elementor-gallery-item__overlay\"><\/div>\n\t\t\t\t\t\t\t\t\t\t\t\t\t\t<\/a>\n\t\t\t\t\t\t\t<a class=\"e-gallery-item elementor-gallery-item elementor-animated-content\" href=\"https:\/\/newdeco.es\/wp-content\/uploads\/2024\/03\/poblenou-3264.webp\" data-elementor-open-lightbox=\"yes\" data-elementor-lightbox-slideshow=\"edf2f38\" data-elementor-lightbox-title=\"poblenou-3264\" data-e-action-hash=\"#elementor-action%3Aaction%3Dlightbox%26settings%3DeyJpZCI6NjMyLCJ1cmwiOiJodHRwczpcL1wvbmV3ZGVjby5lc1wvd3AtY29udGVudFwvdXBsb2Fkc1wvMjAyNFwvMDNcL3BvYmxlbm91LTMyNjQud2VicCIsInNsaWRlc2hvdyI6ImVkZjJmMzgifQ%3D%3D\">\n\t\t\t\t\t<div class=\"e-gallery-image elementor-gallery-item__image\" data-thumbnail=\"https:\/\/newdeco.es\/wp-content\/uploads\/2024\/03\/poblenou-3264-768x1024.webp\" data-width=\"768\" data-height=\"1024\" aria-label=\"\" role=\"img\" ><\/div>\n\t\t\t\t\t\t\t\t\t\t\t<div class=\"elementor-gallery-item__overlay\"><\/div>\n\t\t\t\t\t\t\t\t\t\t\t\t\t\t<\/a>\n\t\t\t\t\t\t\t<a class=\"e-gallery-item elementor-gallery-item elementor-animated-content\" href=\"https:\/\/newdeco.es\/wp-content\/uploads\/2024\/03\/poblenou-3265.webp\" data-elementor-open-lightbox=\"yes\" data-elementor-lightbox-slideshow=\"edf2f38\" data-elementor-lightbox-title=\"poblenou-3265\" data-e-action-hash=\"#elementor-action%3Aaction%3Dlightbox%26settings%3DeyJpZCI6NjMzLCJ1cmwiOiJodHRwczpcL1wvbmV3ZGVjby5lc1wvd3AtY29udGVudFwvdXBsb2Fkc1wvMjAyNFwvMDNcL3BvYmxlbm91LTMyNjUud2VicCIsInNsaWRlc2hvdyI6ImVkZjJmMzgifQ%3D%3D\">\n\t\t\t\t\t<div class=\"e-gallery-image elementor-gallery-item__image\" data-thumbnail=\"https:\/\/newdeco.es\/wp-content\/uploads\/2024\/03\/poblenou-3265-768x1024.webp\" data-width=\"768\" data-height=\"1024\" aria-label=\"\" role=\"img\" ><\/div>\n\t\t\t\t\t\t\t\t\t\t\t<div class=\"elementor-gallery-item__overlay\"><\/div>\n\t\t\t\t\t\t\t\t\t\t\t\t\t\t<\/a>\n\t\t\t\t\t\t\t<a class=\"e-gallery-item elementor-gallery-item elementor-animated-content\" href=\"https:\/\/newdeco.es\/wp-content\/uploads\/2024\/03\/poblenou-3266.webp\" data-elementor-open-lightbox=\"yes\" data-elementor-lightbox-slideshow=\"edf2f38\" data-elementor-lightbox-title=\"poblenou-3266\" data-e-action-hash=\"#elementor-action%3Aaction%3Dlightbox%26settings%3DeyJpZCI6NjM0LCJ1cmwiOiJodHRwczpcL1wvbmV3ZGVjby5lc1wvd3AtY29udGVudFwvdXBsb2Fkc1wvMjAyNFwvMDNcL3BvYmxlbm91LTMyNjYud2VicCIsInNsaWRlc2hvdyI6ImVkZjJmMzgifQ%3D%3D\">\n\t\t\t\t\t<div class=\"e-gallery-image elementor-gallery-item__image\" data-thumbnail=\"https:\/\/newdeco.es\/wp-content\/uploads\/2024\/03\/poblenou-3266-768x1024.webp\" data-width=\"768\" data-height=\"1024\" aria-label=\"\" role=\"img\" ><\/div>\n\t\t\t\t\t\t\t\t\t\t\t<div class=\"elementor-gallery-item__overlay\"><\/div>\n\t\t\t\t\t\t\t\t\t\t\t\t\t\t<\/a>\n\t\t\t\t\t\t\t<a class=\"e-gallery-item elementor-gallery-item elementor-animated-content\" href=\"https:\/\/newdeco.es\/wp-content\/uploads\/2024\/03\/poblenou-3267.webp\" data-elementor-open-lightbox=\"yes\" data-elementor-lightbox-slideshow=\"edf2f38\" data-elementor-lightbox-title=\"poblenou-3267\" data-e-action-hash=\"#elementor-action%3Aaction%3Dlightbox%26settings%3DeyJpZCI6NjM1LCJ1cmwiOiJodHRwczpcL1wvbmV3ZGVjby5lc1wvd3AtY29udGVudFwvdXBsb2Fkc1wvMjAyNFwvMDNcL3BvYmxlbm91LTMyNjcud2VicCIsInNsaWRlc2hvdyI6ImVkZjJmMzgifQ%3D%3D\">\n\t\t\t\t\t<div class=\"e-gallery-image elementor-gallery-item__image\" data-thumbnail=\"https:\/\/newdeco.es\/wp-content\/uploads\/2024\/03\/poblenou-3267-768x1024.webp\" data-width=\"768\" data-height=\"1024\" aria-label=\"\" role=\"img\" ><\/div>\n\t\t\t\t\t\t\t\t\t\t\t<div class=\"elementor-gallery-item__overlay\"><\/div>\n\t\t\t\t\t\t\t\t\t\t\t\t\t\t<\/a>\n\t\t\t\t\t\t\t<a class=\"e-gallery-item elementor-gallery-item elementor-animated-content\" href=\"https:\/\/newdeco.es\/wp-content\/uploads\/2024\/03\/poblenou-3268.webp\" data-elementor-open-lightbox=\"yes\" data-elementor-lightbox-slideshow=\"edf2f38\" data-elementor-lightbox-title=\"poblenou-3268\" data-e-action-hash=\"#elementor-action%3Aaction%3Dlightbox%26settings%3DeyJpZCI6NjM2LCJ1cmwiOiJodHRwczpcL1wvbmV3ZGVjby5lc1wvd3AtY29udGVudFwvdXBsb2Fkc1wvMjAyNFwvMDNcL3BvYmxlbm91LTMyNjgud2VicCIsInNsaWRlc2hvdyI6ImVkZjJmMzgifQ%3D%3D\">\n\t\t\t\t\t<div class=\"e-gallery-image elementor-gallery-item__image\" data-thumbnail=\"https:\/\/newdeco.es\/wp-content\/uploads\/2024\/03\/poblenou-3268-768x1024.webp\" data-width=\"768\" data-height=\"1024\" aria-label=\"\" role=\"img\" ><\/div>\n\t\t\t\t\t\t\t\t\t\t\t<div class=\"elementor-gallery-item__overlay\"><\/div>\n\t\t\t\t\t\t\t\t\t\t\t\t\t\t<\/a>\n\t\t\t\t\t\t\t<a class=\"e-gallery-item elementor-gallery-item elementor-animated-content\" href=\"https:\/\/newdeco.es\/wp-content\/uploads\/2024\/03\/poblenou-3269.webp\" data-elementor-open-lightbox=\"yes\" data-elementor-lightbox-slideshow=\"edf2f38\" data-elementor-lightbox-title=\"poblenou-3269\" data-e-action-hash=\"#elementor-action%3Aaction%3Dlightbox%26settings%3DeyJpZCI6NjM3LCJ1cmwiOiJodHRwczpcL1wvbmV3ZGVjby5lc1wvd3AtY29udGVudFwvdXBsb2Fkc1wvMjAyNFwvMDNcL3BvYmxlbm91LTMyNjkud2VicCIsInNsaWRlc2hvdyI6ImVkZjJmMzgifQ%3D%3D\">\n\t\t\t\t\t<div class=\"e-gallery-image elementor-gallery-item__image\" data-thumbnail=\"https:\/\/newdeco.es\/wp-content\/uploads\/2024\/03\/poblenou-3269-768x1024.webp\" data-width=\"768\" data-height=\"1024\" aria-label=\"\" role=\"img\" ><\/div>\n\t\t\t\t\t\t\t\t\t\t\t<div class=\"elementor-gallery-item__overlay\"><\/div>\n\t\t\t\t\t\t\t\t\t\t\t\t\t\t<\/a>\n\t\t\t\t\t\t\t<a class=\"e-gallery-item elementor-gallery-item elementor-animated-content\" href=\"https:\/\/newdeco.es\/wp-content\/uploads\/2024\/05\/cl-poblenou-2750.webp\" data-elementor-open-lightbox=\"yes\" data-elementor-lightbox-slideshow=\"edf2f38\" data-elementor-lightbox-title=\"cl-poblenou-2750\" data-e-action-hash=\"#elementor-action%3Aaction%3Dlightbox%26settings%3DeyJpZCI6MTA4MCwidXJsIjoiaHR0cHM6XC9cL25ld2RlY28uZXNcL3dwLWNvbnRlbnRcL3VwbG9hZHNcLzIwMjRcLzA1XC9jbC1wb2JsZW5vdS0yNzUwLndlYnAiLCJzbGlkZXNob3ciOiJlZGYyZjM4In0%3D\">\n\t\t\t\t\t<div class=\"e-gallery-image elementor-gallery-item__image\" data-thumbnail=\"https:\/\/newdeco.es\/wp-content\/uploads\/2024\/05\/cl-poblenou-2750-768x1024.webp\" data-width=\"768\" data-height=\"1024\" aria-label=\"\" role=\"img\" ><\/div>\n\t\t\t\t\t\t\t\t\t\t\t<div class=\"elementor-gallery-item__overlay\"><\/div>\n\t\t\t\t\t\t\t\t\t\t\t\t\t\t<\/a>\n\t\t\t\t\t\t\t<a class=\"e-gallery-item elementor-gallery-item elementor-animated-content\" href=\"https:\/\/newdeco.es\/wp-content\/uploads\/2024\/05\/rafa-diagonal-mar-4319.webp\" data-elementor-open-lightbox=\"yes\" data-elementor-lightbox-slideshow=\"edf2f38\" data-elementor-lightbox-title=\"rafa-diagonal-mar-4319\" data-e-action-hash=\"#elementor-action%3Aaction%3Dlightbox%26settings%3DeyJpZCI6MTA1MiwidXJsIjoiaHR0cHM6XC9cL25ld2RlY28uZXNcL3dwLWNvbnRlbnRcL3VwbG9hZHNcLzIwMjRcLzA1XC9yYWZhLWRpYWdvbmFsLW1hci00MzE5LndlYnAiLCJzbGlkZXNob3ciOiJlZGYyZjM4In0%3D\">\n\t\t\t\t\t<div class=\"e-gallery-image elementor-gallery-item__image\" data-thumbnail=\"https:\/\/newdeco.es\/wp-content\/uploads\/2024\/05\/rafa-diagonal-mar-4319-768x1024.webp\" data-width=\"768\" data-height=\"1024\" aria-label=\"\" role=\"img\" ><\/div>\n\t\t\t\t\t\t\t\t\t\t\t<div class=\"elementor-gallery-item__overlay\"><\/div>\n\t\t\t\t\t\t\t\t\t\t\t\t\t\t<\/a>\n\t\t\t\t\t\t\t<a class=\"e-gallery-item elementor-gallery-item elementor-animated-content\" href=\"https:\/\/newdeco.es\/wp-content\/uploads\/2024\/05\/rafa-diagonal-mar-4317.webp\" data-elementor-open-lightbox=\"yes\" data-elementor-lightbox-slideshow=\"edf2f38\" data-elementor-lightbox-title=\"rafa-diagonal-mar-4317\" data-e-action-hash=\"#elementor-action%3Aaction%3Dlightbox%26settings%3DeyJpZCI6MTA1MCwidXJsIjoiaHR0cHM6XC9cL25ld2RlY28uZXNcL3dwLWNvbnRlbnRcL3VwbG9hZHNcLzIwMjRcLzA1XC9yYWZhLWRpYWdvbmFsLW1hci00MzE3LndlYnAiLCJzbGlkZXNob3ciOiJlZGYyZjM4In0%3D\">\n\t\t\t\t\t<div class=\"e-gallery-image elementor-gallery-item__image\" data-thumbnail=\"https:\/\/newdeco.es\/wp-content\/uploads\/2024\/05\/rafa-diagonal-mar-4317-1024x768.webp\" data-width=\"800\" data-height=\"600\" aria-label=\"\" role=\"img\" ><\/div>\n\t\t\t\t\t\t\t\t\t\t\t<div class=\"elementor-gallery-item__overlay\"><\/div>\n\t\t\t\t\t\t\t\t\t\t\t\t\t\t<\/a>\n\t\t\t\t\t\t\t<a class=\"e-gallery-item elementor-gallery-item elementor-animated-content\" href=\"https:\/\/newdeco.es\/wp-content\/uploads\/2024\/05\/rafa-diagonal-mar-4305.webp\" data-elementor-open-lightbox=\"yes\" data-elementor-lightbox-slideshow=\"edf2f38\" data-elementor-lightbox-title=\"rafa-diagonal-mar-4305\" data-e-action-hash=\"#elementor-action%3Aaction%3Dlightbox%26settings%3DeyJpZCI6MTAzOCwidXJsIjoiaHR0cHM6XC9cL25ld2RlY28uZXNcL3dwLWNvbnRlbnRcL3VwbG9hZHNcLzIwMjRcLzA1XC9yYWZhLWRpYWdvbmFsLW1hci00MzA1LndlYnAiLCJzbGlkZXNob3ciOiJlZGYyZjM4In0%3D\">\n\t\t\t\t\t<div class=\"e-gallery-image elementor-gallery-item__image\" data-thumbnail=\"https:\/\/newdeco.es\/wp-content\/uploads\/2024\/05\/rafa-diagonal-mar-4305-1024x768.webp\" data-width=\"800\" data-height=\"600\" aria-label=\"\" role=\"img\" ><\/div>\n\t\t\t\t\t\t\t\t\t\t\t<div class=\"elementor-gallery-item__overlay\"><\/div>\n\t\t\t\t\t\t\t\t\t\t\t\t\t\t<\/a>\n\t\t\t\t\t\t\t<a class=\"e-gallery-item elementor-gallery-item elementor-animated-content\" href=\"https:\/\/newdeco.es\/wp-content\/uploads\/2024\/05\/rafa-diagonal-mar-4300.webp\" data-elementor-open-lightbox=\"yes\" data-elementor-lightbox-slideshow=\"edf2f38\" data-elementor-lightbox-title=\"rafa-diagonal-mar-4300\" data-e-action-hash=\"#elementor-action%3Aaction%3Dlightbox%26settings%3DeyJpZCI6MTAzMywidXJsIjoiaHR0cHM6XC9cL25ld2RlY28uZXNcL3dwLWNvbnRlbnRcL3VwbG9hZHNcLzIwMjRcLzA1XC9yYWZhLWRpYWdvbmFsLW1hci00MzAwLndlYnAiLCJzbGlkZXNob3ciOiJlZGYyZjM4In0%3D\">\n\t\t\t\t\t<div class=\"e-gallery-image elementor-gallery-item__image\" data-thumbnail=\"https:\/\/newdeco.es\/wp-content\/uploads\/2024\/05\/rafa-diagonal-mar-4300-768x1024.webp\" data-width=\"768\" data-height=\"1024\" aria-label=\"\" role=\"img\" ><\/div>\n\t\t\t\t\t\t\t\t\t\t\t<div class=\"elementor-gallery-item__overlay\"><\/div>\n\t\t\t\t\t\t\t\t\t\t\t\t\t\t<\/a>\n\t\t\t\t\t<\/div>\n\t\t\t\t\t<\/div>\n\t\t\t\t<\/div>\n\t\t\t\t\t<\/div>\n\t\t<\/div>\n\t\t\t\t\t<\/div>\n\t\t<\/section>\n\t\t\t\t<\/div>\n\t\t","protected":false},"excerpt":{"rendered":"<p>Interiors de gran impacte moments de relaxaci\u00f3 Sales de bany \u00cdNTIMES, C\u00c0LIDES I ACOLLIDORES Aix\u00ed \u00e9s com ens agraden els banys a NEWDECO . I a tu? Tingues el que tinguis al cap, que t&#8217;ajudarem a donar-li vida. Per fer-te una idea, mireu alguns dels nostres projectes. Obre la teva ment a la imaginaci\u00f3.<\/p>\n","protected":false},"author":1,"featured_media":0,"parent":0,"menu_order":0,"comment_status":"closed","ping_status":"closed","template":"elementor_header_footer","meta":{"_acf_changed":false,"footnotes":""},"class_list":["post-6160","page","type-page","status-publish","hentry"],"acf":[],"_links":{"self":[{"href":"https:\/\/newdeco.es\/ca\/wp-json\/wp\/v2\/pages\/6160","targetHints":{"allow":["GET"]}}],"collection":[{"href":"https:\/\/newdeco.es\/ca\/wp-json\/wp\/v2\/pages"}],"about":[{"href":"https:\/\/newdeco.es\/ca\/wp-json\/wp\/v2\/types\/page"}],"author":[{"embeddable":true,"href":"https:\/\/newdeco.es\/ca\/wp-json\/wp\/v2\/users\/1"}],"replies":[{"embeddable":true,"href":"https:\/\/newdeco.es\/ca\/wp-json\/wp\/v2\/comments?post=6160"}],"version-history":[{"count":0,"href":"https:\/\/newdeco.es\/ca\/wp-json\/wp\/v2\/pages\/6160\/revisions"}],"wp:attachment":[{"href":"https:\/\/newdeco.es\/ca\/wp-json\/wp\/v2\/media?parent=6160"}],"curies":[{"name":"wp","href":"https:\/\/api.w.org\/{rel}","templated":true}]}}